{"id":42,"date":"2014-01-20T12:02:46","date_gmt":"2014-01-20T10:02:46","guid":{"rendered":"http:\/\/imtt.pub.ro\/?page_id=42"},"modified":"2018-12-29T22:39:59","modified_gmt":"2018-12-29T20:39:59","slug":"publicatii","status":"publish","type":"page","link":"https:\/\/mtti.pub.ro\/de\/cercetare\/publicatii\/","title":{"rendered":"Publica\u021bii"},"content":{"rendered":"<p class=\"qtranxs-available-languages-message qtranxs-available-languages-message-de\">Leider ist der Eintrag nur auf <a href=\"https:\/\/mtti.pub.ro\/en\/wp-json\/wp\/v2\/pages\/42\" class=\"qtranxs-available-language-link qtranxs-available-language-link-en\" title=\"English\">English<\/a> und <a href=\"https:\/\/mtti.pub.ro\/ro\/wp-json\/wp\/v2\/pages\/42\" class=\"qtranxs-available-language-link qtranxs-available-language-link-ro\" title=\"Rom\u00e2n\u0103\">Rom\u00e2n\u0103<\/a> verf\u00fcgbar.<\/p>","protected":false},"excerpt":{"rendered":"<p>Leider ist der Eintrag nur auf English und Rom\u00e2n\u0103 verf\u00fcgbar.<\/p>\n","protected":false},"author":1,"featured_media":0,"parent":762,"menu_order":0,"comment_status":"closed","ping_status":"open","template":"","meta":{"footnotes":""},"class_list":["post-42","page","type-page","status-publish","hentry"],"_links":{"self":[{"href":"https:\/\/mtti.pub.ro\/de\/wp-json\/wp\/v2\/pages\/42","targetHints":{"allow":["GET"]}}],"collection":[{"href":"https:\/\/mtti.pub.ro\/de\/wp-json\/wp\/v2\/pages"}],"about":[{"href":"https:\/\/mtti.pub.ro\/de\/wp-json\/wp\/v2\/types\/page"}],"author":[{"embeddable":true,"href":"https:\/\/mtti.pub.ro\/de\/wp-json\/wp\/v2\/users\/1"}],"replies":[{"embeddable":true,"href":"https:\/\/mtti.pub.ro\/de\/wp-json\/wp\/v2\/comments?post=42"}],"version-history":[{"count":3,"href":"https:\/\/mtti.pub.ro\/de\/wp-json\/wp\/v2\/pages\/42\/revisions"}],"predecessor-version":[{"id":1458,"href":"https:\/\/mtti.pub.ro\/de\/wp-json\/wp\/v2\/pages\/42\/revisions\/1458"}],"up":[{"embeddable":true,"href":"https:\/\/mtti.pub.ro\/de\/wp-json\/wp\/v2\/pages\/762"}],"wp:attachment":[{"href":"https:\/\/mtti.pub.ro\/de\/wp-json\/wp\/v2\/media?parent=42"}],"curies":[{"name":"wp","href":"https:\/\/api.w.org\/{rel}","templated":true}]}}