{"id":39,"date":"2014-01-20T11:55:39","date_gmt":"2014-01-20T09:55:39","guid":{"rendered":"http:\/\/imtt.pub.ro\/?page_id=39"},"modified":"2018-12-29T20:50:05","modified_gmt":"2018-12-29T18:50:05","slug":"teme-propuse","status":"publish","type":"page","link":"https:\/\/mtti.pub.ro\/de\/activitate-didactica\/teme-propuse\/","title":{"rendered":"Teme propuse"},"content":{"rendered":"<p class=\"qtranxs-available-languages-message qtranxs-available-languages-message-de\">Leider ist der Eintrag nur auf <a href=\"https:\/\/mtti.pub.ro\/en\/wp-json\/wp\/v2\/pages\/39\" class=\"qtranxs-available-language-link qtranxs-available-language-link-en\" title=\"English\">English<\/a> und <a href=\"https:\/\/mtti.pub.ro\/ro\/wp-json\/wp\/v2\/pages\/39\" class=\"qtranxs-available-language-link qtranxs-available-language-link-ro\" title=\"Rom\u00e2n\u0103\">Rom\u00e2n\u0103<\/a> verf\u00fcgbar.<\/p>","protected":false},"excerpt":{"rendered":"<p>Leider ist der Eintrag nur auf English und Rom\u00e2n\u0103 verf\u00fcgbar.<\/p>\n","protected":false},"author":1,"featured_media":0,"parent":763,"menu_order":2,"comment_status":"closed","ping_status":"open","template":"","meta":{"footnotes":""},"class_list":["post-39","page","type-page","status-publish","hentry"],"_links":{"self":[{"href":"https:\/\/mtti.pub.ro\/de\/wp-json\/wp\/v2\/pages\/39","targetHints":{"allow":["GET"]}}],"collection":[{"href":"https:\/\/mtti.pub.ro\/de\/wp-json\/wp\/v2\/pages"}],"about":[{"href":"https:\/\/mtti.pub.ro\/de\/wp-json\/wp\/v2\/types\/page"}],"author":[{"embeddable":true,"href":"https:\/\/mtti.pub.ro\/de\/wp-json\/wp\/v2\/users\/1"}],"replies":[{"embeddable":true,"href":"https:\/\/mtti.pub.ro\/de\/wp-json\/wp\/v2\/comments?post=39"}],"version-history":[{"count":1,"href":"https:\/\/mtti.pub.ro\/de\/wp-json\/wp\/v2\/pages\/39\/revisions"}],"predecessor-version":[{"id":1444,"href":"https:\/\/mtti.pub.ro\/de\/wp-json\/wp\/v2\/pages\/39\/revisions\/1444"}],"up":[{"embeddable":true,"href":"https:\/\/mtti.pub.ro\/de\/wp-json\/wp\/v2\/pages\/763"}],"wp:attachment":[{"href":"https:\/\/mtti.pub.ro\/de\/wp-json\/wp\/v2\/media?parent=39"}],"curies":[{"name":"wp","href":"https:\/\/api.w.org\/{rel}","templated":true}]}}