{"id":344,"date":"2017-02-26T23:40:26","date_gmt":"2017-02-26T21:40:26","guid":{"rendered":"http:\/\/imtt.pub.ro\/?page_id=344"},"modified":"2023-07-04T20:16:45","modified_gmt":"2023-07-04T18:16:45","slug":"simul","status":"publish","type":"page","link":"https:\/\/mtti.pub.ro\/de\/cercetare\/proiecte\/simul\/","title":{"rendered":""},"content":{"rendered":"<p class=\"qtranxs-available-languages-message qtranxs-available-languages-message-de\">Leider ist der Eintrag nur auf <a href=\"https:\/\/mtti.pub.ro\/ro\/wp-json\/wp\/v2\/pages\/344\" class=\"qtranxs-available-language-link qtranxs-available-language-link-ro\" title=\"Rom\u00e2n\u0103\">Rom\u00e2n\u0103<\/a> verf\u00fcgbar.<\/p>","protected":false},"excerpt":{"rendered":"<p>Leider ist der Eintrag nur auf Rom\u00e2n\u0103 verf\u00fcgbar.<\/p>\n","protected":false},"author":1,"featured_media":0,"parent":44,"menu_order":0,"comment_status":"closed","ping_status":"closed","template":"","meta":{"footnotes":""},"class_list":["post-344","page","type-page","status-publish","hentry"],"_links":{"self":[{"href":"https:\/\/mtti.pub.ro\/de\/wp-json\/wp\/v2\/pages\/344","targetHints":{"allow":["GET"]}}],"collection":[{"href":"https:\/\/mtti.pub.ro\/de\/wp-json\/wp\/v2\/pages"}],"about":[{"href":"https:\/\/mtti.pub.ro\/de\/wp-json\/wp\/v2\/types\/page"}],"author":[{"embeddable":true,"href":"https:\/\/mtti.pub.ro\/de\/wp-json\/wp\/v2\/users\/1"}],"replies":[{"embeddable":true,"href":"https:\/\/mtti.pub.ro\/de\/wp-json\/wp\/v2\/comments?post=344"}],"version-history":[{"count":2,"href":"https:\/\/mtti.pub.ro\/de\/wp-json\/wp\/v2\/pages\/344\/revisions"}],"predecessor-version":[{"id":1867,"href":"https:\/\/mtti.pub.ro\/de\/wp-json\/wp\/v2\/pages\/344\/revisions\/1867"}],"up":[{"embeddable":true,"href":"https:\/\/mtti.pub.ro\/de\/wp-json\/wp\/v2\/pages\/44"}],"wp:attachment":[{"href":"https:\/\/mtti.pub.ro\/de\/wp-json\/wp\/v2\/media?parent=344"}],"curies":[{"name":"wp","href":"https:\/\/api.w.org\/{rel}","templated":true}]}}