{"id":33,"date":"2014-01-20T11:52:51","date_gmt":"2014-01-20T09:52:51","guid":{"rendered":"http:\/\/imtt.pub.ro\/?page_id=33"},"modified":"2019-03-25T22:53:36","modified_gmt":"2019-03-25T20:53:36","slug":"cursuri","status":"publish","type":"page","link":"https:\/\/mtti.pub.ro\/de\/activitate-didactica\/cursuri\/","title":{"rendered":"Cursuri"},"content":{"rendered":"<h3><\/p>\n<h2> <span lang=\"de\">Die von den Teammitgliedern angebotenen Kurse sind:<\/span><\/h2>\n<h1>Bachelor:<\/h1>\n<p><strong>[TSM]<\/strong> <em><strong>Der Studiengang<\/strong><\/em> <strong>Transducer und Messsysteme<\/strong>, 3. Jahrgang, Fachbereich Automatik und Informatik, Spezialisierung Automatisierung und Angewandte Informatik, zielt darauf ab: Grundkenntnisse \u00fcber die Struktur, die Besonderheiten und die Genauigkeit von Messsystemen zu erwerben: allgemeine Charakterisierung, Kategorien Messungen von Messdaten (Kategorien von Messunsicherheiten, Kombination von Teilunsicherheiten, Tests zum Erkennen von Grobfehlern), Sensor- und Transducer-Informationen, allgemeine Eigenschaften von Transducern, statische und dynamische Eigenschaften von Transducern, typische Komponenten von Transducern, Systeme Datenerfassung \/ -verteilung (typische Strukturen, Analog-Digital-Wandlung, numerisch-analoge Wandlung, analoges und numerisches Multiplexing, Abtastung und Speicherung), intelligente Wandler, drahtlose Sensornetzwerke, untersuchte Gr\u00f6\u00dfen. <em><strong>Laboranwendungen<\/strong><\/em> befassen sich mit Problemen mit Druckwandlern, analogen und numerischen Verschiebungen, Temperatur, F\u00fcllstand, Durchfluss, Drehzahl, Kraft, analog-numerischem Equalizer mit gleicher Kompensation (in gleichen Schritten mit aufeinanderfolgenden N\u00e4herungen), virtuellen Instrumenten (LabVIEW) zur Erfassung von Daten von Signalwandlern mit niedriger und niedriger Spannung, Anwendungen von SADs in der einfachen Automatisierung.<\/p>\n<p><strong>[PI_A]<\/strong> <em><strong>Der Studiengang<\/strong><\/em> <strong>Informationsverarbeitung<\/strong>, das erste Jahr, die Spezialisierung der Fakult\u00e4t f\u00fcr Automatik und Informatik, Automatisierung und Angewandte Informatik, hat folgende Hauptziele: Erwerb grundlegender Kenntnisse in Bezug auf die Verarbeitung von Informationen, die Besonderheiten und die Leistungsf\u00e4higkeit der experimentellen Datenverarbeitungssysteme, experimentelle Daten, Verfahren zur Sch\u00e4tzung von Parametern f\u00fcr experimentelle Daten, Sch\u00e4tzung typischer Regressionsparameter, Verifizierung statistischer Hypothesen, Orientierung auf die Verarbeitung von Informationsdaten, haupts\u00e4chlich unter Verwendung von auf mathematischen Statistiken basierenden Techniken zur Analyse und Interpretation von Daten. <em><strong>Laboranwendungen<\/strong><\/em> zielen darauf ab, die in den Kursen vorgestellten Konzepte zu vertiefen und basieren auf Werkzeugen (Matlab, Statistica, Excel), die ausschlie\u00dflich mit numerischen Computern durchgef\u00fchrt werden, sowie Bestimmungen und die Verarbeitung von Daten durch elektrische Experimente.<\/p>\n<p><strong>[ST]<\/strong> <strong><em>Lehrgang<\/em><\/strong> <strong>Sensorik und Messwandler<\/strong>, 3. Jahr, Fakult\u00e4t f\u00fcr Maschinenbau und Mechatronik, Studienprogramm: Thermische Systeme und Ausr\u00fcstung \/ Ausr\u00fcstung f\u00fcr industrielle Prozesse, hat folgende Ziele: Grundkenntnisse \u00fcber die Struktur, die Besonderheiten und die Pr\u00e4zision von Sensoren und Messwandlern erwerben die allgemeinen Eigenschaften der Wandler, die Leistung der Wandler im statischen und dynamischen Bereich, die typischen Komponenten der Wandler, die intelligenten Wandler, die industriellen Varianten der Wandler f\u00fcr die am h\u00e4ufigsten untersuchten Gr\u00f6\u00dfen (Temperatur, Durchfluss, F\u00fcllstand, Druck, Verdr\u00e4ngung, Mischungskonzentrationen, . Die Laboranwendungen richten sich auf Aufnehmer und Drucksensoren, Temperatur, F\u00fcllstand, Durchfluss, Drehzahl, Kraft, Ann\u00e4herung, Virtual LabVIEW, Datenerfassungssysteme von niedrigen und einheitlichen elektrischen Signalumformern . <strong><em>Die Aktivit\u00e4ten<\/em><\/strong> der Disziplin sind ausgerichtet auf: kenntnis und ordnungsgem\u00e4\u00dfe Verwendung von Sensor- und Wandlervorstellungen; erkl\u00e4ren und Interpretieren von Ideen, Projekten, Prozessen sowie theoretischen und praktischen Inhalten der Disziplin anhand der untersuchten Kategorien von Sensoren und Transducern; konzeption, Durchf\u00fchrung und Bewertung spezifischer praktischer Aktivit\u00e4ten ausgehend von der Systemvision des Einsatzes von Wandlern; verwendung von Methoden, Techniken und Werkzeugen zur Untersuchung und korrekten Anwendung der statischen und dynamischen Eigenschaften von Wandlern; Manifestation einer positiven und verantwortungsvollen Haltung gegen\u00fcber dem Maschinenbau; Pflege eines wissenschaftlichen Umfelds mit Werten und demokratischen Beziehungen; optimale und kreative Verwertung des eigenen Potenzials in wissenschaftlichen Aktivit\u00e4ten; Beteiligung an der institutionellen Entwicklung und F\u00f6rderung wissenschaftlicher Innovationen; Teilnahme an der eigenen beruflichen Entwicklung.<\/p>\n<h1>Master:<\/h1>\n<p><strong>[IPSI]<\/strong> Der <strong>Prozessinstrumentierungskurs in Informatiksystemen<\/strong>, Jahr 1, Master-Studiengang AII, Automatik und Informatik, zielt darauf ab, Grundkenntnisse bez\u00fcglich Struktur, Besonderheiten und Pr\u00e4zision der Prozessinstrumentierung zu erwerben: allgemeine Charakterisierung, Instrumentierungskategorien, Datenverarbeitung (Kategorien von Messunsicherheiten, Kombination von Teilunsicherheiten, Tests zur Erkennung grober Fehler). Die Leistung von statischen und dynamischen Prozessinstrumenten, typischen Instrumentierungskomponenten, Datenerfassungs- \/ Verteilungssystemen, intelligenten Wandlern, drahtlosen Sensornetzen und industriellen Instrumentierungsvarianten f\u00fcr die am h\u00e4ufigsten untersuchten industriellen Gr\u00f6\u00dfen. Die <strong><em>Anwendungen<\/em><\/strong> simulieren einen multivariaten Prozess (W\u00e4rme, Druck, F\u00fcllstand, Dichte usw.) unter Verwendung der LabVIEW-Entwicklungsumgebung, dh den Entwurf eines Systems zur Erfassung, Speicherung, Fern\u00fcbertragung und Verarbeitung unter Verwendung des komplexen Simulationsdruckger\u00fcsts. Durchfluss, Niveau. Die Aktivit\u00e4ten der Disziplin zielen darauf ab, die F\u00e4higkeiten des zuk\u00fcnftigen Master (Automatisten) Ingenieurs in Bezug auf die Integration von Prozessinstrumentierungs- und Messsystemen in Automatisierungsanlagen zu erwerben, wobei die Spezialkompetenzen wie folgt zusammengefasst werden: Fertigkeiten zur Verwendung von Prozessinstrumentierung (allgemeiner und zweckbestimmter Gebrauch); Kompetenzen zur Vorbereitung und Durchf\u00fchrung von Projekten im Bereich der industriellen Informatik sowie in verwandten Bereichen; F\u00e4higkeiten f\u00fcr Teamarbeit, Systemintegration und interdisziplin\u00e4re Zusammenarbeit;\u00a0Managementf\u00e4higkeiten f\u00fcr technische und wirtschaftliche Aktivit\u00e4ten.<\/p>\n<p><strong>[AAAI_SAC] <em>Der Kurs<\/em><\/strong> der <strong>Authentifizierung und Autorisierung des Zugriffs auf Informationen; Wirtschaftspr\u00fcfungs- und Zertifizierungssysteme<\/strong>, im ersten Jahr des Master MPI, der Fakult\u00e4t f\u00fcr Automatisierung und Computer sollen grundlegende Kenntnisse \u00fcber die Authentifizierung und den Zugriff auf Informationen, die Verwendung elektronischer Signaturen bei der Nachrichtenauthentifizierung, die Netzwerksicherheit, die \u00dcberpr\u00fcfung von Computersystemen erworben werden Zertifizierungsstellen f\u00fcr Computersicherheit. Anwendungen sollen Authentifizierungs- und Autorisierungstechniken f\u00fcr den Zugriff auf Informationen erwerben, die auf PKI-Algorithmen, elektronischen Signaturen und von einer Zertifizierungsstelle ausgestellten digitalen Zertifikaten basieren. Die <strong><em>Aktivit\u00e4ten<\/em><\/strong> der Disziplin zielen darauf ab, die F\u00e4higkeiten des zuk\u00fcnftigen Ingenieurs mit einem Master (Automatiker) zum Schutz von Systeminformationen zu erwerben, wobei die Fachkompetenzen wie folgt zusammengefasst werden: Kompetenzen f\u00fcr den Einsatz moderner Techniken zum Schutz von Informationssystemen basierend auf PKI-Algorithmen, elektronischen Signaturen und Zertifizierungsstellen; Kompetenzen zur Vorbereitung und Verwaltung der Umsetzung von Projekten im Bereich des Informationsschutzes sowie in verwandten Bereichen; F\u00e4higkeiten f\u00fcr Teamarbeit, Systemintegration und interdisziplin\u00e4re Zusammenarbeit;\u00a0 Managementf\u00e4higkeiten f\u00fcr technische und wirtschaftliche Aktivit\u00e4ten.<\/p>\n<p><strong>[SIMSM]<\/strong> <strong><em>Der Lehrgang<\/em><\/strong> <strong>Sensorik und Instrumentierung in der Medizin Informatiksysteme<\/strong>, Jahr 1, Master SIM, Fakult\u00e4t f\u00fcr Automatisierung und Informatik, zielt darauf ab, Grundkenntnisse in Bezug auf Struktur, Besonderheiten und Pr\u00e4zision medizinischer Instrumente und als Ziele zu erwerben Allgemeine Instrumentencharakterisierung, Instrumentierungskategorien, Messdatenverarbeitung (Kategorien von Messunsicherheiten, Kombination von Teilunsicherheiten, Tests zur Erkennung grober Fehler), statische und dynamische Prozessinstrumentierungsleistung, typische Instrumentierungskomponenten, Datenerfassung \/ -verteilung, intelligente Sensoren, drahtlose Sensornetzwerke, Instrumentierungsvarianten f\u00fcr die am h\u00e4ufigsten untersuchten medizinischen Gr\u00f6\u00dfen. <strong><em>Labor- und Projektanwendungen<\/em><\/strong> werden mit Computern erstellt, die mit spezieller Software und Ausr\u00fcstung f\u00fcr die Datenerfassung aus externen Umgebungen ausgestattet sind (virtuelle Instrumentenlabors und reale Datenerfassung in LabVIEW-Umgebung). Die Aktivit\u00e4ten der Disziplin zielen darauf ab, die Kompetenzen der Messinstrumente (allgemein und dediziert), die Vorbereitung und Durchf\u00fchrung von Projekten im Bereich der medizinischen Informatik sowie die Kompetenzen f\u00fcr Teamarbeit, Systemintegration und Zusammenarbeit sicherzustellen interdisziplin\u00e4res Management f\u00fcr technische und wirtschaftliche Aktivit\u00e4ten.<\/p>\n<p><strong>[FMSFSI]<\/strong> <strong><em>Der Kurs<\/em><\/strong> von <strong>Zuverl\u00e4ssigkeit, Wartung und Sicherheit im Betrieb von Informationssystemen<\/strong>, Jahr 1, Master MPI, Fakult\u00e4t f\u00fcr Automatisierung und Computer, hat als Hauptziel die Modellierung der Degradationsph\u00e4nomene auf verschiedenen Ebenen, globalen und strukturellen Modellen, basierend auf der Wahrscheinlichkeitstheorie und den Wahrscheinlichkeiten mathematische Statistik. Der Kurs zeigt auch die Auswirkungen von Technologien auf die Zuverl\u00e4ssigkeit des Systems. <strong><em>Die Anwendungen<\/em><\/strong> zielen darauf ab, F\u00e4higkeiten zur Modellierung globaler und struktureller Degradationsph\u00e4nomene basierend auf der Wahrscheinlichkeitstheorie und mathematischen Statistiken zu entwickeln. Die Aktivit\u00e4ten der Disziplin zielen darauf ab, spezifische Kompetenzen mit direktem Bezug auf Elemente der Wahrscheinlichkeitstheorie und mathematische Statistiken, statistische Kontrolle, Benchmarking, Betriebssicherheit und Risiko sicherzustellen.<\/p>\n<p>Das didaktische Material und die zugeh\u00f6rigen Ressourcen f\u00fcr diese Kurse werden vollst\u00e4ndig \u00fcber die MOODLE E-Learning-Plattform der Fakult\u00e4t f\u00fcr Automatik und Computer zur Verf\u00fcgung gestellt: <a href=\"_wp_link_placeholder\">http:\/\/acs.curs.pub.ro\/<\/a><\/p>\n<p><\/p>\n\n\n<p><\/p>","protected":false},"excerpt":{"rendered":"<p>Die von den Teammitgliedern angebotenen Kurse sind: Bachelor: [TSM] Der Studiengang Transducer und Messsysteme, 3. Jahrgang, Fachbereich Automatik und Informatik, Spezialisierung Automatisierung und Angewandte Informatik, zielt darauf ab: Grundkenntnisse \u00fcber die Struktur, die Besonderheiten und die Genauigkeit von Messsystemen zu erwerben: allgemeine Charakterisierung, Kategorien Messungen von Messdaten (Kategorien von Messunsicherheiten, Kombination von Teilunsicherheiten, Tests zum [&hellip;]<\/p>\n","protected":false},"author":1,"featured_media":0,"parent":763,"menu_order":0,"comment_status":"closed","ping_status":"open","template":"","meta":{"footnotes":""},"class_list":["post-33","page","type-page","status-publish","hentry"],"_links":{"self":[{"href":"https:\/\/mtti.pub.ro\/de\/wp-json\/wp\/v2\/pages\/33","targetHints":{"allow":["GET"]}}],"collection":[{"href":"https:\/\/mtti.pub.ro\/de\/wp-json\/wp\/v2\/pages"}],"about":[{"href":"https:\/\/mtti.pub.ro\/de\/wp-json\/wp\/v2\/types\/page"}],"author":[{"embeddable":true,"href":"https:\/\/mtti.pub.ro\/de\/wp-json\/wp\/v2\/users\/1"}],"replies":[{"embeddable":true,"href":"https:\/\/mtti.pub.ro\/de\/wp-json\/wp\/v2\/comments?post=33"}],"version-history":[{"count":8,"href":"https:\/\/mtti.pub.ro\/de\/wp-json\/wp\/v2\/pages\/33\/revisions"}],"predecessor-version":[{"id":1719,"href":"https:\/\/mtti.pub.ro\/de\/wp-json\/wp\/v2\/pages\/33\/revisions\/1719"}],"up":[{"embeddable":true,"href":"https:\/\/mtti.pub.ro\/de\/wp-json\/wp\/v2\/pages\/763"}],"wp:attachment":[{"href":"https:\/\/mtti.pub.ro\/de\/wp-json\/wp\/v2\/media?parent=33"}],"curies":[{"name":"wp","href":"https:\/\/api.w.org\/{rel}","templated":true}]}}