{"id":29,"date":"2014-01-20T11:51:41","date_gmt":"2014-01-20T09:51:41","guid":{"rendered":"http:\/\/imtt.pub.ro\/?page_id=29"},"modified":"2014-01-20T11:51:41","modified_gmt":"2014-01-20T09:51:41","slug":"istoric","status":"publish","type":"page","link":"https:\/\/mtti.pub.ro\/de\/despre\/istoric\/","title":{"rendered":"Istoric"},"content":{"rendered":"<p class=\"qtranxs-available-languages-message qtranxs-available-languages-message-de\">Leider ist der Eintrag nur auf <a href=\"https:\/\/mtti.pub.ro\/en\/wp-json\/wp\/v2\/pages\/29\" class=\"qtranxs-available-language-link qtranxs-available-language-link-en\" title=\"English\">English<\/a> und <a href=\"https:\/\/mtti.pub.ro\/ro\/wp-json\/wp\/v2\/pages\/29\" class=\"qtranxs-available-language-link qtranxs-available-language-link-ro\" title=\"Rom\u00e2n\u0103\">Rom\u00e2n\u0103<\/a> verf\u00fcgbar.<\/p>","protected":false},"excerpt":{"rendered":"<p>Leider ist der Eintrag nur auf English und Rom\u00e2n\u0103 verf\u00fcgbar.<\/p>\n","protected":false},"author":1,"featured_media":0,"parent":761,"menu_order":0,"comment_status":"closed","ping_status":"open","template":"","meta":{"footnotes":""},"class_list":["post-29","page","type-page","status-publish","hentry"],"_links":{"self":[{"href":"https:\/\/mtti.pub.ro\/de\/wp-json\/wp\/v2\/pages\/29","targetHints":{"allow":["GET"]}}],"collection":[{"href":"https:\/\/mtti.pub.ro\/de\/wp-json\/wp\/v2\/pages"}],"about":[{"href":"https:\/\/mtti.pub.ro\/de\/wp-json\/wp\/v2\/types\/page"}],"author":[{"embeddable":true,"href":"https:\/\/mtti.pub.ro\/de\/wp-json\/wp\/v2\/users\/1"}],"replies":[{"embeddable":true,"href":"https:\/\/mtti.pub.ro\/de\/wp-json\/wp\/v2\/comments?post=29"}],"version-history":[{"count":0,"href":"https:\/\/mtti.pub.ro\/de\/wp-json\/wp\/v2\/pages\/29\/revisions"}],"up":[{"embeddable":true,"href":"https:\/\/mtti.pub.ro\/de\/wp-json\/wp\/v2\/pages\/761"}],"wp:attachment":[{"href":"https:\/\/mtti.pub.ro\/de\/wp-json\/wp\/v2\/media?parent=29"}],"curies":[{"name":"wp","href":"https:\/\/api.w.org\/{rel}","templated":true}]}}