{"id":1523,"date":"2019-01-04T12:44:53","date_gmt":"2019-01-04T10:44:53","guid":{"rendered":"http:\/\/mtti.pub.ro\/?page_id=1523"},"modified":"2019-01-04T21:31:57","modified_gmt":"2019-01-04T19:31:57","slug":"prof-dr-ing-valentin-sgarciu","status":"publish","type":"page","link":"https:\/\/mtti.pub.ro\/de\/prof-dr-ing-valentin-sgarciu\/","title":{"rendered":"(Rom\u00e2n\u0103) Prof.dr.ing.Valentin SG\u00c2RCIU"},"content":{"rendered":"<p class=\"qtranxs-available-languages-message qtranxs-available-languages-message-de\">Leider ist der Eintrag nur auf <a href=\"https:\/\/mtti.pub.ro\/ro\/wp-json\/wp\/v2\/pages\/1523\" class=\"qtranxs-available-language-link qtranxs-available-language-link-ro\" title=\"Rom\u00e2n\u0103\">Rom\u00e2n\u0103<\/a> verf\u00fcgbar.<\/p>","protected":false},"excerpt":{"rendered":"<p>Leider ist der Eintrag nur auf Rom\u00e2n\u0103 verf\u00fcgbar.<\/p>\n","protected":false},"author":2,"featured_media":0,"parent":0,"menu_order":0,"comment_status":"closed","ping_status":"closed","template":"","meta":{"footnotes":""},"class_list":["post-1523","page","type-page","status-publish","hentry"],"_links":{"self":[{"href":"https:\/\/mtti.pub.ro\/de\/wp-json\/wp\/v2\/pages\/1523","targetHints":{"allow":["GET"]}}],"collection":[{"href":"https:\/\/mtti.pub.ro\/de\/wp-json\/wp\/v2\/pages"}],"about":[{"href":"https:\/\/mtti.pub.ro\/de\/wp-json\/wp\/v2\/types\/page"}],"author":[{"embeddable":true,"href":"https:\/\/mtti.pub.ro\/de\/wp-json\/wp\/v2\/users\/2"}],"replies":[{"embeddable":true,"href":"https:\/\/mtti.pub.ro\/de\/wp-json\/wp\/v2\/comments?post=1523"}],"version-history":[{"count":11,"href":"https:\/\/mtti.pub.ro\/de\/wp-json\/wp\/v2\/pages\/1523\/revisions"}],"predecessor-version":[{"id":1656,"href":"https:\/\/mtti.pub.ro\/de\/wp-json\/wp\/v2\/pages\/1523\/revisions\/1656"}],"wp:attachment":[{"href":"https:\/\/mtti.pub.ro\/de\/wp-json\/wp\/v2\/media?parent=1523"}],"curies":[{"name":"wp","href":"https:\/\/api.w.org\/{rel}","templated":true}]}}